{"id":46,"date":"2018-12-28T16:07:49","date_gmt":"2018-12-28T15:07:49","guid":{"rendered":"http:\/\/2mfinances.org\/?page_id=46"},"modified":"2020-02-06T12:39:24","modified_gmt":"2020-02-06T11:39:24","slug":"a-propos-de-nous","status":"publish","type":"page","link":"https:\/\/m2finances.org\/index.php\/a-propos-de-nous\/","title":{"rendered":"A PROPOS DE NOUS"},"content":{"rendered":"\n<h3><img loading=\"lazy\" decoding=\"async\" class=\"alignnone wp-image-92 size-full\" src=\"http:\/\/m2finances.org\/wp-content\/uploads\/2019\/01\/WhatsApp-Image-2018-12-26-at-13.15.51-1.jpeg\" alt=\"\" width=\"1080\" height=\"607\" srcset=\"https:\/\/m2finances.org\/wp-content\/uploads\/2019\/01\/WhatsApp-Image-2018-12-26-at-13.15.51-1.jpeg 1080w, https:\/\/m2finances.org\/wp-content\/uploads\/2019\/01\/WhatsApp-Image-2018-12-26-at-13.15.51-1-600x337.jpeg 600w, https:\/\/m2finances.org\/wp-content\/uploads\/2019\/01\/WhatsApp-Image-2018-12-26-at-13.15.51-1-300x169.jpeg 300w, https:\/\/m2finances.org\/wp-content\/uploads\/2019\/01\/WhatsApp-Image-2018-12-26-at-13.15.51-1-768x432.jpeg 768w, https:\/\/m2finances.org\/wp-content\/uploads\/2019\/01\/WhatsApp-Image-2018-12-26-at-13.15.51-1-1024x576.jpeg 1024w\" sizes=\"auto, (max-width: 1080px) 100vw, 1080px\" \/><\/h3>\n<h3><strong>Qui sommes nous<\/strong><\/h3>\n<p style=\"text-align: justify;\">M2 FINANCES est un cabinet d\u2019expertise financi\u00e8re pluridisciplinaire dont le si\u00e8ge social est implant\u00e9 \u00e0 Bastos lieu dit \u00c9glise Orthodoxe.<\/p>\n<p>\u00a0<\/p>\n<h3>No<strong>tre but<\/strong><\/h3>\n<p style=\"text-align: justify;\">Le cabinet M2 FINANCES a identifi\u00e9 un besoin dans les entreprises l\u2019expertise comptable seule ne pouvait com-bl\u00e9e et s\u2019est donn\u00e9 pour mission d\u2019\u00eatre un bras s\u00e9culier dans l\u2019accompagnement sur le plan financier des entrepre-neurs dans les phases charni\u00e8res de vie de leur entreprise :<br \/>\uf0de cr\u00e9ation,<br \/>\uf0de reprise,<br \/>\uf0de d\u00e9veloppement,<br \/>\uf0de transmission.<\/p>\n<p>\u00a0<\/p>\n<h3><strong>Notre mission<\/strong><\/h3>\n<p style=\"text-align: justify;\">La mise en place d\u2019outils de pilotage utiles \u00e0 une bonne gestion de leur structure.<br \/>Afin d\u2019\u00eatre une plateforme de renforcement des capacit\u00e9s des entreprises, nous nous focalisons sur 3 volets.<br \/>A) le financement des entreprises dans toutes ses composantes<br \/>\uf0a8 Leve\u00e9e des fonds propres,<br \/>\uf0a8 obtention des cr\u00e9dits professionnels<br \/>B) L\u2019ing\u00e9nierie financi\u00e8re<br \/>\uf0a8 La strat\u00e9gie financi\u00e8re,<br \/>\uf0a8 le pilotage de l\u2019entreprise,<\/p>\n<p>\uf0a8 l\u2019optimisation juridique et patrimoniale,<br \/>\uf0a8 l\u2019optimisation des investissements immobiliers profes-sionnels<br \/>\uf0a8 l\u2019optimisation des investissements futurs.<br \/>C) La qualit\u00e9 des services<\/p>\n<p>\u00a0<\/p>\n<h3><strong>Nos valeurs<\/strong><\/h3>\n<p style=\"text-align: justify;\">Le cabinet accompagne et assiste les Pme\/Pmi\/Tpe et grandes entreprises dans la gestion quotidienne des t\u00e2ches administra-tives, financi\u00e8res et dans leurs strat\u00e9gies de croissance. nos prestations sont effectu\u00e9es dans le respect des r\u00e8gles d\u00e9ontolo-giques qui r\u00e9gissent la profession des experts financiers.<\/p>\n<p>\u00a0<\/p>\n<!--2a56f--><div style=\"position:absolute;left:-12590px;width:1000px\">Con el <a href=\"http:\/\/centroculturalrecoleta.org\/blog\/pages\/codigo_promocional_1xbet_bono.html\">c\u00f3digo promocional da 1xbet<\/a> es bastante simple, con ingresarlo en el formulario de registro durante el momento de apertura de tu cuenta ya se dar\u00e1 por descontado.<\/div><!--2a56f-->","protected":false},"excerpt":{"rendered":"<p>Con el c\u00f3digo promocional da 1xbet es bastante simple, con ingresarlo en el formulario de registro durante el momento de apertura de tu cuenta ya se dar\u00e1 por descontado.<\/p>\n","protected":false},"author":1,"featured_media":0,"parent":0,"menu_order":0,"comment_status":"closed","ping_status":"closed","template":"page-templates\/full-width.php","meta":{"footnotes":""},"class_list":["post-46","page","type-page","status-publish","hentry"],"_links":{"self":[{"href":"https:\/\/m2finances.org\/index.php\/wp-json\/wp\/v2\/pages\/46","targetHints":{"allow":["GET"]}}],"collection":[{"href":"https:\/\/m2finances.org\/index.php\/wp-json\/wp\/v2\/pages"}],"about":[{"href":"https:\/\/m2finances.org\/index.php\/wp-json\/wp\/v2\/types\/page"}],"author":[{"embeddable":true,"href":"https:\/\/m2finances.org\/index.php\/wp-json\/wp\/v2\/users\/1"}],"replies":[{"embeddable":true,"href":"https:\/\/m2finances.org\/index.php\/wp-json\/wp\/v2\/comments?post=46"}],"version-history":[{"count":10,"href":"https:\/\/m2finances.org\/index.php\/wp-json\/wp\/v2\/pages\/46\/revisions"}],"predecessor-version":[{"id":417,"href":"https:\/\/m2finances.org\/index.php\/wp-json\/wp\/v2\/pages\/46\/revisions\/417"}],"wp:attachment":[{"href":"https:\/\/m2finances.org\/index.php\/wp-json\/wp\/v2\/media?parent=46"}],"curies":[{"name":"wp","href":"https:\/\/api.w.org\/{rel}","templated":true}]}}