{"id":346,"date":"2019-03-13T09:56:01","date_gmt":"2019-03-13T08:56:01","guid":{"rendered":"http:\/\/m2finances.org\/?page_id=346"},"modified":"2019-03-13T13:14:07","modified_gmt":"2019-03-13T12:14:07","slug":"recrutement","status":"publish","type":"page","link":"https:\/\/m2finances.org\/index.php\/recrutement\/","title":{"rendered":"RECRUTEMENT"},"content":{"rendered":"\n<h1>NOUS REJOINDRE\u00a0<img loading=\"lazy\" decoding=\"async\" class=\"size-full wp-image-350 alignright\" src=\"http:\/\/m2finances.org\/wp-content\/uploads\/2019\/03\/t\u00e9l\u00e9chargement.png\" alt=\"\" width=\"293\" height=\"172\" \/><\/h1>\n<p>Nous sommes curieux, passionn\u00e9s et d\u00e9termin\u00e9s. Nous cherchons \u00e0 nous entourer de personnes qui se reconnaissent dans ces qualit\u00e9s. Si tel est votre cas, vous \u00eates tr\u00e8s certainement au bon endroit.<\/p>\n<p><strong><img loading=\"lazy\" decoding=\"async\" class=\"wp-image-239 size-full aligncenter\" src=\"http:\/\/m2finances.org\/wp-content\/uploads\/2019\/03\/Jobs-banner-niveau-1.jpg\" alt=\"\" width=\"768\" height=\"269\" srcset=\"https:\/\/m2finances.org\/wp-content\/uploads\/2019\/03\/Jobs-banner-niveau-1.jpg 768w, https:\/\/m2finances.org\/wp-content\/uploads\/2019\/03\/Jobs-banner-niveau-1-300x105.jpg 300w, https:\/\/m2finances.org\/wp-content\/uploads\/2019\/03\/Jobs-banner-niveau-1-600x210.jpg 600w\" sizes=\"auto, (max-width: 768px) 100vw, 768px\" \/><\/strong><\/p>\n<p><strong>Rejoignez M2Finances, une \u00e9quipe jeune, dynamique et comp\u00e9titive\u2026<\/strong><br \/>C\u2019est aussi s\u2019investir dans une grande ambition : apporter au Cameroun au niveau local le meilleur de ce que l\u2019avenir promet en mati\u00e8re d&rsquo;expertise en finances.<br \/>C\u2019est rejoindre une entreprise avant-gardiste, et pouvoir s\u2019\u00e9panouir professionnellement.<strong><br \/>N\u2019attendez plus pour faire partie des meilleurs\u2026<\/strong><\/p>\n<p>\u00a0<\/p>\n","protected":false},"excerpt":{"rendered":"","protected":false},"author":1,"featured_media":0,"parent":0,"menu_order":0,"comment_status":"closed","ping_status":"closed","template":"","meta":{"footnotes":""},"class_list":["post-346","page","type-page","status-publish","hentry"],"_links":{"self":[{"href":"https:\/\/m2finances.org\/index.php\/wp-json\/wp\/v2\/pages\/346","targetHints":{"allow":["GET"]}}],"collection":[{"href":"https:\/\/m2finances.org\/index.php\/wp-json\/wp\/v2\/pages"}],"about":[{"href":"https:\/\/m2finances.org\/index.php\/wp-json\/wp\/v2\/types\/page"}],"author":[{"embeddable":true,"href":"https:\/\/m2finances.org\/index.php\/wp-json\/wp\/v2\/users\/1"}],"replies":[{"embeddable":true,"href":"https:\/\/m2finances.org\/index.php\/wp-json\/wp\/v2\/comments?post=346"}],"version-history":[{"count":4,"href":"https:\/\/m2finances.org\/index.php\/wp-json\/wp\/v2\/pages\/346\/revisions"}],"predecessor-version":[{"id":354,"href":"https:\/\/m2finances.org\/index.php\/wp-json\/wp\/v2\/pages\/346\/revisions\/354"}],"wp:attachment":[{"href":"https:\/\/m2finances.org\/index.php\/wp-json\/wp\/v2\/media?parent=346"}],"curies":[{"name":"wp","href":"https:\/\/api.w.org\/{rel}","templated":true}]}}