{"id":22,"date":"2018-12-28T15:46:57","date_gmt":"2018-12-28T14:46:57","guid":{"rendered":"http:\/\/2mfinances.org\/?page_id=22"},"modified":"2019-01-04T09:26:47","modified_gmt":"2019-01-04T08:26:47","slug":"audit-et-coaching","status":"publish","type":"page","link":"https:\/\/m2finances.org\/index.php\/audit-et-coaching\/","title":{"rendered":"AUDIT ET COACHING"},"content":{"rendered":"\n<p>Nos experts Interviennent \u00e0 la demande des entreprises pour un sujet pr\u00e9cis et notamment, \u00a0\u00e9valuer la qualit\u00e9 de l&rsquo;information, la performance et l&rsquo;efficacit\u00e9 de l\u2019entreprise.<\/p>\n<p><img loading=\"lazy\" decoding=\"async\" class=\"alignright wp-image-130 \" src=\"http:\/\/2mfinances.org\/wp-content\/uploads\/2019\/01\/WhatsApp-Image-2018-12-26-at-13.15.50-576x1024.jpeg\" alt=\"\" width=\"323\" height=\"575\" srcset=\"https:\/\/m2finances.org\/wp-content\/uploads\/2019\/01\/WhatsApp-Image-2018-12-26-at-13.15.50-576x1024.jpeg 576w, https:\/\/m2finances.org\/wp-content\/uploads\/2019\/01\/WhatsApp-Image-2018-12-26-at-13.15.50-600x1068.jpeg 600w, https:\/\/m2finances.org\/wp-content\/uploads\/2019\/01\/WhatsApp-Image-2018-12-26-at-13.15.50-169x300.jpeg 169w, https:\/\/m2finances.org\/wp-content\/uploads\/2019\/01\/WhatsApp-Image-2018-12-26-at-13.15.50.jpeg 607w\" sizes=\"auto, (max-width: 323px) 100vw, 323px\" \/><\/p>\n<ul>\n<li>REALISER LES MISSIONS D\u2019AUDIT:<\/li>\n<\/ul>\n<p>Notre cabinet a d\u00e9velopp\u00e9 un savoir-faire pour la r\u00e9alisation des missions d\u2019audit suivantes :<\/p>\n<p><strong>\u00a0<\/strong><\/p>\n<ul>\n<li>Audit contractuel,<\/li>\n<li>Audit des proc\u00e9dures administratives, comptables, sociales et juridiques,<\/li>\n<li>Audit op\u00e9rationnel et des performances,<\/li>\n<\/ul>\n<p><strong>\u00a0<\/strong><\/p>\n<ul>\n<li><strong>COACHER LES ENTREPRISES<\/strong><\/li>\n<\/ul>\n<p>Nos interventions dans le domaine du coaching des entreprises couvrent entre autres les points ci-apr\u00e8s:<\/p>\n<ul>\n<li>Assistance \u00e0 la mise en place des proc\u00e9dures de contr\u00f4le interne ;<\/li>\n<li>Contr\u00f4le de l\u2019application et du respect des proc\u00e9dures internes ;<\/li>\n<li>Etablissement du manuel d\u2019organisation comptable ;<\/li>\n<\/ul>\n<p>Assistance \u00e0 l\u2019\u00e9tablissement des tableaux de bord et des reportings.<\/p>\n","protected":false},"excerpt":{"rendered":"","protected":false},"author":1,"featured_media":0,"parent":0,"menu_order":0,"comment_status":"closed","ping_status":"closed","template":"","meta":{"footnotes":""},"class_list":["post-22","page","type-page","status-publish","hentry"],"_links":{"self":[{"href":"https:\/\/m2finances.org\/index.php\/wp-json\/wp\/v2\/pages\/22","targetHints":{"allow":["GET"]}}],"collection":[{"href":"https:\/\/m2finances.org\/index.php\/wp-json\/wp\/v2\/pages"}],"about":[{"href":"https:\/\/m2finances.org\/index.php\/wp-json\/wp\/v2\/types\/page"}],"author":[{"embeddable":true,"href":"https:\/\/m2finances.org\/index.php\/wp-json\/wp\/v2\/users\/1"}],"replies":[{"embeddable":true,"href":"https:\/\/m2finances.org\/index.php\/wp-json\/wp\/v2\/comments?post=22"}],"version-history":[{"count":5,"href":"https:\/\/m2finances.org\/index.php\/wp-json\/wp\/v2\/pages\/22\/revisions"}],"predecessor-version":[{"id":136,"href":"https:\/\/m2finances.org\/index.php\/wp-json\/wp\/v2\/pages\/22\/revisions\/136"}],"wp:attachment":[{"href":"https:\/\/m2finances.org\/index.php\/wp-json\/wp\/v2\/media?parent=22"}],"curies":[{"name":"wp","href":"https:\/\/api.w.org\/{rel}","templated":true}]}}