{"id":20,"date":"2018-12-28T15:46:25","date_gmt":"2018-12-28T14:46:25","guid":{"rendered":"http:\/\/2mfinances.org\/?page_id=20"},"modified":"2019-01-04T09:23:10","modified_gmt":"2019-01-04T08:23:10","slug":"assistance-comptable","status":"publish","type":"page","link":"https:\/\/m2finances.org\/index.php\/assistance-comptable\/","title":{"rendered":"ASSISTANCE COMPTABLE"},"content":{"rendered":"\n<p>Dans le cadre de nos missions quotidiennes comptables et administratives, nos Experts et leurs \u00e9quipes op\u00e9rationnelles vont\u00a0 rechercher des solutions en mati\u00e8re fiscale, comptable et en management pour\u00a0 apporter de la s\u00e9curit\u00e9 \u00e0 vos clients.<\/p>\n<p><img loading=\"lazy\" decoding=\"async\" class=\"wp-image-98 size-full alignright\" src=\"http:\/\/2mfinances.org\/wp-content\/uploads\/2019\/01\/viareport-cloud-finance-tout-savoir-660x330.jpg\" alt=\"\" width=\"660\" height=\"330\" srcset=\"https:\/\/m2finances.org\/wp-content\/uploads\/2019\/01\/viareport-cloud-finance-tout-savoir-660x330.jpg 660w, https:\/\/m2finances.org\/wp-content\/uploads\/2019\/01\/viareport-cloud-finance-tout-savoir-660x330-600x300.jpg 600w, https:\/\/m2finances.org\/wp-content\/uploads\/2019\/01\/viareport-cloud-finance-tout-savoir-660x330-300x150.jpg 300w\" sizes=\"auto, (max-width: 660px) 100vw, 660px\" \/><\/p>\n<p>Notre Cabinet assiste, accompagne et conseille le dirigeant d&rsquo;entreprise sur l&rsquo;application et les r\u00e9percussions de la r\u00e9glementation fiscale et comptable en vigueur.<\/p>\n<p>\u00a0<\/p>\n<ul>\n<li>CONSEILLER EN MATIERE FISCALE :<\/li>\n<\/ul>\n<p>\u00a0<\/p>\n<ul>\n<li>Conseils permanents sur la fiscalit\u00e9 de l&rsquo;entreprise\u00a0notamment\u00a0:<\/li>\n<li>Assistance de l\u2019entreprise en mati\u00e8re de l\u2019\u00e9laboration et de l\u2019\u00e9valuation de la strat\u00e9gie fiscale\u00a0;<\/li>\n<li>Proposition des solutions de nature \u00e0 optimiser la charge fiscale dans le respect des dispositions fiscales en vigueur ;<\/li>\n<li>Optimisation de la situation fiscale sur le plan des revenus\u00a0;<\/li>\n<li>Conseil fiscal sur des probl\u00e8mes ponctuels ;<\/li>\n<li>Supervision des d\u00e9clarations fiscales pour v\u00e9rifier leur conformit\u00e9 avec les dispositions en vigueur et s\u2019assurer que l\u2019entreprise n\u2019est pas expos\u00e9e \u00e0 des risques fiscaux qu\u2019elle n\u2019a pas identifi\u00e9s ;<\/li>\n<li>Suivi de la fiscalit\u00e9 quotidienne de l&rsquo;entreprise en fonction de sa structure juridique\u00a0;<\/li>\n<li>Pr\u00e9paration des dossiers d&rsquo;exon\u00e9rations\u00a0;<\/li>\n<li>Conseils sp\u00e9cifiques lors d&rsquo;op\u00e9rations ponctuelles\u00a0;<\/li>\n<li>Assistance du contribuable lors de v\u00e9rifications ou de contentieux\u00a0;<\/li>\n<li>Assistance \u00e0 l\u2019\u00e9tablissement des d\u00e9clarations fiscales et sociales (TVA, IR, IS..);<br \/><br \/><\/li>\n<\/ul>\n<p>\u00a0<\/p>\n<ul>\n<li>ACCOMPAGNER DANS L&rsquo;ETABLISSEMENT DES COMPTES :<\/li>\n<\/ul>\n<p>\u00a0<\/p>\n<ul>\n<li>Mise en place du plan comptable adapt\u00e9 \u00e0 votre entreprise\u00a0;<\/li>\n<li>Surveillance, conseil, assistance \u00e0 la tenue de comptabilit\u00e9s\u00a0;<\/li>\n<li>Contr\u00f4le des services comptables\u00a0;<\/li>\n<li>Mise en place et suivi de la comptabilit\u00e9 analytique d&rsquo;exploitation\u00a0;<\/li>\n<li>Assistance comptable de toute nature\u00a0;<\/li>\n<li>\u00c9tablissement des situations p\u00e9riodiques, des bilans et comptes de r\u00e9sultats\u00a0;<\/li>\n<li>Suivi et contr\u00f4le des situations interm\u00e9diaires (mensuelles, trimestrielles ou semestrielles);<\/li>\n<li>\u00c9tablissement de situations pr\u00e9visionnelles\u00a0;<\/li>\n<li>Assistance \u00e0 la pr\u00e9paration des comptes annuels;<\/li>\n<li>\u00c9tablissement des comptes de groupe\u00a0;<\/li>\n<li>Mise en place d&rsquo;outils de consolidation des bilans et des comptes\u00a0;<\/li>\n<li>\u00c9tablissement d&rsquo;un tableau de bord\u00a0;<\/li>\n<li>Assistance aux travaux d&rsquo;inventaire (recensement des stocks, valorisation et provision)\u00a0;<\/li>\n<li>Assistance \u00e0 la pr\u00e9paration des reportings.<\/li>\n<\/ul>\n<p>\u00a0<\/p>\n<ul>\n<li>CONSEILLER ET ACCOMPAGNER EN MATIERE DE GESTION<\/li>\n<\/ul>\n<h5>B-1- Conseil en gestion g\u00e9n\u00e9rale :<\/h5>\n<ul>\n<li>Gestion pr\u00e9visionnelle\u00a0;<\/li>\n<li>Analyse de co\u00fbts, de marges, de rentabilit\u00e9\u00a0;<\/li>\n<li>Projets d&rsquo;investissement : co\u00fbt et rentabilit\u00e9\u00a0;<\/li>\n<li>Mise en place de tableau de bord, de contr\u00f4le budg\u00e9taire\u00a0;<\/li>\n<li>Contribution \u00e0 la protection du patrimoine de l&rsquo;entreprise\u00a0;<\/li>\n<li>Optimisation du profil\u00a0;<\/li>\n<li>Mise en place de ratios de gestion.<\/li>\n<\/ul>\n<h5>B-2- Conseil en gestion financi\u00e8re :<\/h5>\n<ul>\n<li>Analyse de gestion financi\u00e8re et de rentabilit\u00e9 des capitaux investis\u00a0;<\/li>\n<li>Mise en place de ratio financier\u00a0;<\/li>\n<li>Techniques d&rsquo;analyse et de gestion des fonds de roulement\u00a0;<\/li>\n<li>Syst\u00e8mes de cr\u00e9dit, cr\u00e9dit-bail, affacturage\u00a0;<\/li>\n<li>Prises de participation (\u00e9tude, assistance, r\u00e9alisation pratique)\u00a0;<\/li>\n<li>Confection de dossiers de subventions, de r\u00e9duction de droits de mutation, d&rsquo;exon\u00e9ration de taxes.<\/li>\n<\/ul>\n<h5>B-3- Relations avec les organismes bancaires et financiers :<\/h5>\n<ul>\n<li>Analyse de structure financi\u00e8re : suivi du Cash Flow\u00a0;<\/li>\n<li>D\u00e9termination des objectifs et mise en place d&rsquo;un plan d&rsquo;action en fonction de la tr\u00e9sorerie\u00a0;<\/li>\n<li>Constructions de plans de financement \u00e0 long terme\u00a0;<\/li>\n<li>Choix des modes de financement et \u00e9tablissement de dossier de cr\u00e9dit\u00a0;<\/li>\n<\/ul>\n<p>Tableau d&#8217;emplois et de ressources (historique et pr\u00e9visionnel, suivi de la masse salariale).<\/p>\n","protected":false},"excerpt":{"rendered":"","protected":false},"author":1,"featured_media":0,"parent":0,"menu_order":0,"comment_status":"closed","ping_status":"closed","template":"","meta":{"footnotes":""},"class_list":["post-20","page","type-page","status-publish","hentry"],"_links":{"self":[{"href":"https:\/\/m2finances.org\/index.php\/wp-json\/wp\/v2\/pages\/20","targetHints":{"allow":["GET"]}}],"collection":[{"href":"https:\/\/m2finances.org\/index.php\/wp-json\/wp\/v2\/pages"}],"about":[{"href":"https:\/\/m2finances.org\/index.php\/wp-json\/wp\/v2\/types\/page"}],"author":[{"embeddable":true,"href":"https:\/\/m2finances.org\/index.php\/wp-json\/wp\/v2\/users\/1"}],"replies":[{"embeddable":true,"href":"https:\/\/m2finances.org\/index.php\/wp-json\/wp\/v2\/comments?post=20"}],"version-history":[{"count":4,"href":"https:\/\/m2finances.org\/index.php\/wp-json\/wp\/v2\/pages\/20\/revisions"}],"predecessor-version":[{"id":128,"href":"https:\/\/m2finances.org\/index.php\/wp-json\/wp\/v2\/pages\/20\/revisions\/128"}],"wp:attachment":[{"href":"https:\/\/m2finances.org\/index.php\/wp-json\/wp\/v2\/media?parent=20"}],"curies":[{"name":"wp","href":"https:\/\/api.w.org\/{rel}","templated":true}]}}