{"id":15,"date":"2018-12-28T15:43:16","date_gmt":"2018-12-28T14:43:16","guid":{"rendered":"http:\/\/2mfinances.org\/?page_id=15"},"modified":"2019-01-04T09:17:36","modified_gmt":"2019-01-04T08:17:36","slug":"financement-dentreprise","status":"publish","type":"page","link":"https:\/\/m2finances.org\/index.php\/financement-dentreprise\/","title":{"rendered":"FINANCEMENT"},"content":{"rendered":"\n<p>Le financement d\u2019une entreprise peut se faire par voie de cr\u00e9dit, par la lev\u00e9e de fonds propres ou de subventions.<\/p>\n<p>Une \u00e9tape indispensable pour d\u00e9marrer toute recherche de financement est de savoir o\u00f9 l\u2019on va. \u00a0Et le meilleur moyen pour le savoir est de r\u00e9aliser un business plan.<\/p>\n<p>Nos consultants vous accompagnent dans toutes ces \u00e9tapes.<\/p>\n<p><img loading=\"lazy\" decoding=\"async\" class=\"wp-image-84 size-large alignright\" src=\"http:\/\/2mfinances.org\/wp-content\/uploads\/2018\/12\/rawpixelcom579241unsplashjpg_5aa667af0b819-1024x669.jpg\" alt=\"\" width=\"640\" height=\"418\" srcset=\"https:\/\/m2finances.org\/wp-content\/uploads\/2018\/12\/rawpixelcom579241unsplashjpg_5aa667af0b819-1024x669.jpg 1024w, https:\/\/m2finances.org\/wp-content\/uploads\/2018\/12\/rawpixelcom579241unsplashjpg_5aa667af0b819-600x392.jpg 600w, https:\/\/m2finances.org\/wp-content\/uploads\/2018\/12\/rawpixelcom579241unsplashjpg_5aa667af0b819-300x196.jpg 300w, https:\/\/m2finances.org\/wp-content\/uploads\/2018\/12\/rawpixelcom579241unsplashjpg_5aa667af0b819-768x502.jpg 768w, https:\/\/m2finances.org\/wp-content\/uploads\/2018\/12\/rawpixelcom579241unsplashjpg_5aa667af0b819.jpg 1600w\" sizes=\"auto, (max-width: 640px) 100vw, 640px\" \/><\/p>\n<ul>\n<li>REDIGER LE BUSINESS PLAN<\/li>\n<\/ul>\n<p>Tout au long de votre vie d\u2019entrepreneur, vous allez devoir pr\u00e9senter vos projets \u00e0 de multiples reprises, \u00e0 vos partenaires financiers.<\/p>\n<p>Qu\u2019ils soient investisseurs, banquiers, organismes consulaires, collectivit\u00e9s publiques, associations d\u2019aides \u00e0 la cr\u00e9ation d\u2019entreprise\u2026, tous veulent en savoir plus sur vos projets, avant de vous accorder leur confiance et les financements escompt\u00e9s.<\/p>\n<p>Il faut \u00e0 la fois \u00eatre clair, pr\u00e9cis et synth\u00e9tique\u2026 tout un programme !<\/p>\n<p>Construire un business plan est un exercice d\u2019introspection et de prospective que nous vous aidons \u00e0 accomplir, en vous guidant pas \u00e0 pas, afin d\u2019aboutir \u00e0 une pr\u00e9sentation percutante.<\/p>\n<p>Rompus \u00e0 la lecture de plusieurs centaines de business plan, nos consultants vous aident \u00e0 ne rien oublier et vous exercent \u00e0 r\u00e9pondre \u00e0 toutes les questions g\u00eanantes.<\/p>\n<p>La r\u00e9daction de votre business plan demande:<\/p>\n<ul>\n<li>Notre appui dans la pr\u00e9sentation \u00e9conomique du projet\u00a0:<\/li>\n<\/ul>\n<p>Nous vous aidons \u00e0 formaliser cette partie importante de votre business plan\u00a0:<\/p>\n<ul>\n<li>Votre parcours et vos motivations personnelles<\/li>\n<li>La pr\u00e9sentation de l\u2019\u00e9quipe<\/li>\n<li>L\u2019historique de l\u2019entreprise et ses chiffres cl\u00e9s<\/li>\n<li>L\u2019organisation juridique et fonctionnelle<\/li>\n<li>Le march\u00e9, les produits, la strat\u00e9gie de d\u00e9veloppement<\/li>\n<li>Vos avantages concurrentiels<\/li>\n<li>Les perspectives \u00e0 2,3 et 5 ans<\/li>\n<\/ul>\n<p>\u00a0<\/p>\n<ul>\n<li>Notre appui dans l\u2019\u00e9laboration de la partie financi\u00e8re<\/li>\n<\/ul>\n<p>\u00a0<\/p>\n<ul>\n<li>Diagnostic financier de votre entreprise<\/li>\n<li>choix et \u00e9tablissement des pistes\/hypoth\u00e8ses de financement<\/li>\n<\/ul>\n<p>\u00a0<\/p>\n<ul>\n<li>Notre appui \u00e0 la pr\u00e9sentation financi\u00e8re<\/li>\n<\/ul>\n<p>Nous vous aidons \u00e0 traduire en chiffres votre strat\u00e9gie et \u00e0 r\u00e9aliser votre pr\u00e9visionnel\u00a0:<\/p>\n<ul>\n<li>Compte de r\u00e9sultat<\/li>\n<li>Plan de financement<\/li>\n<li>Bilan pr\u00e9visionnel<\/li>\n<li>Tr\u00e9sorerie pr\u00e9visionnelle<\/li>\n<li>Calcul de votre seuil de rentabilit\u00e9<\/li>\n<li>Mise en \u00e9vidence des marges de man\u0153uvre financi\u00e8re<\/li>\n<li>Justification des demandes de financement et valorisation de la soci\u00e9t\u00e9 en cas de lev\u00e9e de fonds propres<\/li>\n<\/ul>\n<p>\u00a0<\/p>\n<ul>\n<li>La R\u00e9daction de \u00abl\u2019executive summary\u00bb<\/li>\n<\/ul>\n<p>C\u2019est \u00e0 la fois l\u2019introduction et la synth\u00e8se du business plan.<\/p>\n<p>En deux \u00e0 trois pages, l\u2019\u00abexecutive summary\u00bb pr\u00e9sente votre entreprise, son positionnement sur le march\u00e9, ses ambitions, sa strat\u00e9gie de d\u00e9veloppement et les moyens dont elle a besoin pour l\u2019atteindre.<\/p>\n<p>Ce document, plac\u00e9 en t\u00eate du business plan, doit donner envie \u00e0 vos interlocuteurs de rentrer dans le d\u00e9tail de votre dossier.<\/p>\n<p>Sa r\u00e9daction est la derni\u00e8re \u00e9tape de la mise en forme d\u2019un business plan et nos consultants veillent tout particuli\u00e8rement \u00e0 sa qualit\u00e9.<\/p>\n<p>\u00a0<\/p>\n<ul>\n<li>LEVER LES FONDS PROPRES<\/li>\n<\/ul>\n<p>Nous pouvons vous aider \u00e0 augmenter vos fonds propres en\u00a0<strong>ouvrant le capital de votre entreprise.<\/strong><\/p>\n<p>Vous avez un projet de cr\u00e9ation ou de reprise d\u2019entreprise ambitieux, vous souhaitez\u00a0<strong>acc\u00e9l\u00e9rer votre d\u00e9veloppement<\/strong>\u00a0au Cameroun, dans la CEMAC ou \u00e0 l\u2019international<\/p>\n<p>Vous ne disposez pas des moyens financiers n\u00e9cessaires et vos banques ne souhaitent pas vous accompagner dans votre projet, sans un\u00a0<strong>renforcement de vos fonds propres.\u00a0<\/strong><\/p>\n<p><strong>L<\/strong>\u2019<strong>ouverture de votre capital<\/strong>\u00a0\u00e0 des investisseurs est donc une n\u00e9cessit\u00e9.<\/p>\n<p>Nous vous accompagnons dans votre op\u00e9ration de lev\u00e9e de fonds, en nous appuyant sur la\u00a0<strong>connaissance des investisseurs<\/strong>\u00a0:<\/p>\n<ul>\n<li>Crowfunding<\/li>\n<li>Business angels<\/li>\n<li>Soci\u00e9t\u00e9s de capital-risque<\/li>\n<li>Fonds d\u2019investissement<\/li>\n<\/ul>\n<p><strong><u>\u00a0Pour La lev\u00e9e de fonds\u00a0: nos missions<\/u><\/strong><\/p>\n<p><strong>Vous \u00eates au d\u00e9but de votre recherche\u00a0<\/strong>et souhaitez \u00eatre accompagn\u00e9 globalement, de la mise en forme du business plan \u00e0 la finalisation de l\u2019op\u00e9ration.<\/p>\n<p>Nous intervenons sous forme de\u00a0<strong>mandat de lev\u00e9e de fonds<\/strong>, en tant que maitre d\u2019\u0153uvre et coordinateur de l\u2019op\u00e9ration, r\u00e9mun\u00e9r\u00e9s essentiellement au successfees.<\/p>\n<p><strong>Vous avez identifi\u00e9 un ou des investisseurs et votre business plan est d\u00e9j\u00e0 constitu\u00e9,<\/strong>\u00a0nous vous assistons en tant que\u00a0<strong>conseil<\/strong>, dans la n\u00e9gociation des modalit\u00e9s d\u2019entr\u00e9e et du pacte d\u2019associ\u00e9s, r\u00e9mun\u00e9r\u00e9s au temps pass\u00e9.<\/p>\n<p>\u00a0<\/p>\n<ul>\n<li>OBTENIR DES CREDITS PROFESSIONNELS<\/li>\n<\/ul>\n<p>\u00a0<\/p>\n<p>Dans un contexte r\u00e9glementaire bancaire de plus en plus strict, les banques deviennent plus exigeantes pour accorder des cr\u00e9dits.<\/p>\n<p>Fort de leur exp\u00e9rience bancaire (BICEC, SGC, CFC, CHASE BANK\u00a0, AFB\u00a0, ATTIJARIWAFA, BGFI etc\u2026) nos consultants vous permettent d\u2019obtenir vos financements dans les meilleures conditions et en un minimum de temps.<\/p>\n<p>Notre accompagnement se fait en tant que <strong>conseil <\/strong>(facturation forfaitaire)<\/p>\n<p>Nous avons fait le choix de ne pas \u00eatre r\u00e9mun\u00e9r\u00e9s par les \u00e9tablissements bancaires afin de conserver une totale ind\u00e9pendance.<\/p>\n<p>Nous pouvons vous accompagner sur toutes vos demandes de financements bancaires :<\/p>\n<ul>\n<li>Cr\u00e9ation d\u2019entreprise, reprise d\u2019entreprise, croissance externe<\/li>\n<li>Investissement mat\u00e9riel, immobilier professionnel, R&amp;D<\/li>\n<li>D\u00e9veloppement commercial<\/li>\n<li>Renforcement de la tr\u00e9sorerie, financement du BFR<\/li>\n<\/ul>\n<p>Dans le cadre de nos recherches de cr\u00e9dits, nous faisons le maximum pour prot\u00e9ger votre patrimoine personnel, en \u00e9vitant ou limitant votre caution personnelle\u00a0;<\/p>\n<p>\u00a0<\/p>\n<p>L\u2019accompagnement \u00e0 l\u2019obtention d\u2019un cr\u00e9dit bancaire professionnel passe par plusieurs \u00e9tapes\u00a0:<\/p>\n<p>\u00a0<\/p>\n<ul>\n<li>REALISER LE DIAGNOSTIC FINANCIER<\/li>\n<\/ul>\n<p>Cette phase consiste \u00e0 d\u00e9couvrir qui vous \u00eates, que fait votre entreprise et quelles sont vos axes de d\u00e9veloppement afin que nous puissions le traduire aupr\u00e8s des banques.<\/p>\n<p>Nous vous conseillons sur la strat\u00e9gie financi\u00e8re \u00e0 mettre en \u0153uvre :<\/p>\n<ul>\n<li>Quel apport r\u00e9aliser<\/li>\n<li>Quel montant emprunter<\/li>\n<li>Quels types de cr\u00e9dit solliciter<\/li>\n<li>Quelle dur\u00e9e de financement<\/li>\n<li>Quelles garanties proposer<\/li>\n<li>\u00a0<\/li>\n<\/ul>\n<p>Cette phase est essentielle car elle constitue 70 % de la r\u00e9ussite de votre recherche de financement<\/p>\n<p>\u00a0<\/p>\n<ul>\n<li>CONSTITUER VOTRE DOSSIER DE FINANCEMENT<\/li>\n<\/ul>\n<p>\u00a0<\/p>\n<p>Nous mettons en forme votre dossier financier comprenant notamment\u00a0:<\/p>\n<ul>\n<li>La pr\u00e9sentation de votre entreprise, de l\u2019\u00e9quipe, du march\u00e9, etc.<\/li>\n<li>Le pr\u00e9visionnel financier<\/li>\n<li>Les financements sollicit\u00e9s<\/li>\n<li>Les garanties propos\u00e9es<\/li>\n<li>Toutes les annexes n\u00e9cessaires pour l\u2019\u00e9tude de votre dossier<\/li>\n<\/ul>\n<p>\u00a0<\/p>\n<ul>\n<li>VOUS APPUIYER A LA PRESENTATION DU DOSSIER CHEZ LE BANQUIER<\/li>\n<\/ul>\n<p>\u00a0<\/p>\n<p>Nous prenons pour vous les rendez-vous avec les banques, sur une \u00e0 deux journ\u00e9es, afin de les rencontrer individuellement.<\/p>\n<p>Lors de ceux-ci, nous vous accompagnons afin de pr\u00e9senter votre dossier, notamment sur les aspects du financement et des garanties.<\/p>\n<p>\u00a0<\/p>\n<ul>\n<li>RELANCER LES BANQUES ET NEGOCIER LES CONDITIONS ET GARANTIES<\/li>\n<\/ul>\n<p>\u00a0<\/p>\n<p>Nous relan\u00e7ons les banques pour votre compte et n\u00e9gocions les conditions de l\u2019emprunt, les frais et les garanties.<\/p>\n<p>\u00a0<\/p>\n<ul>\n<li>VALIDER LES CONTRATS DE CREDIT AVANT LEUR SIGNATURE<\/li>\n<\/ul>\n<p>Nous vous accompagnons jusqu\u2019\u00e0 la signature des contrats de cr\u00e9dit<\/p>\n<p>Une fois les propositions de financement retenues, nous validons les contrats afin qu\u2019ils soient en phase avec les propositions \u00e9mises.<\/p>\n","protected":false},"excerpt":{"rendered":"","protected":false},"author":1,"featured_media":0,"parent":0,"menu_order":0,"comment_status":"closed","ping_status":"closed","template":"","meta":{"footnotes":""},"class_list":["post-15","page","type-page","status-publish","hentry"],"_links":{"self":[{"href":"https:\/\/m2finances.org\/index.php\/wp-json\/wp\/v2\/pages\/15","targetHints":{"allow":["GET"]}}],"collection":[{"href":"https:\/\/m2finances.org\/index.php\/wp-json\/wp\/v2\/pages"}],"about":[{"href":"https:\/\/m2finances.org\/index.php\/wp-json\/wp\/v2\/types\/page"}],"author":[{"embeddable":true,"href":"https:\/\/m2finances.org\/index.php\/wp-json\/wp\/v2\/users\/1"}],"replies":[{"embeddable":true,"href":"https:\/\/m2finances.org\/index.php\/wp-json\/wp\/v2\/comments?post=15"}],"version-history":[{"count":4,"href":"https:\/\/m2finances.org\/index.php\/wp-json\/wp\/v2\/pages\/15\/revisions"}],"predecessor-version":[{"id":123,"href":"https:\/\/m2finances.org\/index.php\/wp-json\/wp\/v2\/pages\/15\/revisions\/123"}],"wp:attachment":[{"href":"https:\/\/m2finances.org\/index.php\/wp-json\/wp\/v2\/media?parent=15"}],"curies":[{"name":"wp","href":"https:\/\/api.w.org\/{rel}","templated":true}]}}